{"id":5,"date":"2021-04-24T16:01:43","date_gmt":"2021-04-24T16:01:43","guid":{"rendered":"https:\/\/psychotherapie-coach-bodensee.de\/?page_id=5"},"modified":"2025-02-11T20:07:59","modified_gmt":"2025-02-11T20:07:59","slug":"willkommen-auf-https-bodensee-psychotherapie-de","status":"publish","type":"page","link":"https:\/\/bodensee-psychotherapie.de\/","title":{"rendered":""},"content":{"rendered":"\n<p class=\"has-text-align-center\" style=\"font-size:30px\"><em>&#8222;Das Leben besteht aus vielen kleinen M\u00fcnzen. <br>Und wer sie aufzuheben wei\u00df, hat ein Verm\u00f6gen<\/em>.<em>&#8222;<\/em> <\/p>\n\n\n\n<p class=\"has-text-align-center has-medium-font-size\">Jean Anouilh<\/p>\n\n\n\n<div style=\"height:50px\" aria-hidden=\"true\" class=\"wp-block-spacer\"><\/div>\n\n\n\n<p class=\"has-medium-font-size\">Lieber Leser, Liebe Leserin, <br>herzlich Willkommen auf der Internetseite der Praxis f\u00fcr Psychotherapie von Kremena Hofherr-Racheva in Friedrichshafen!<\/p>\n\n\n\n<p><\/p>\n\n\n\n<p><\/p>\n\n\n\n<div style=\"height:100px\" aria-hidden=\"true\" class=\"wp-block-spacer\"><\/div>\n\n\n\n<p class=\"has-medium-font-size\"><strong>Warum Psychotherapie?<\/strong><\/p>\n\n\n\n<p class=\"has-medium-font-size\">Oft liegen die Wurzeln einer Lebenskrise in einem inneren Konflikt, wodurch der \u201eK\u00f6rper zu sprechen\u201c beginnen kann. Depression, Burnout, Schwierigkeiten aus der Angstdom\u00e4ne, Essst\u00f6rungen oder Psychosomatische Beschwerden wie Essentielle Hypertonie, Schmerzen und vieles andere sind h\u00e4ufig die bitteren Fr\u00fcchte dieser inneren Konflikte. Beim Zusammenspiel von K\u00f6rper und Psyche ist es oft schwer den ersten Ausl\u00f6ser zu benennen. Im Genesungsprozess st\u00f6\u00dft oft die pharmakologische Behandlung schnell an ihre Grenzen und bringt h\u00e4ufig eine tempor\u00e4re und keine langfristige Verbesserung. Anderseits ist die Psychotherapie manchmal auf medikament\u00f6se Unterst\u00fctzung angewiesen. Aus diesem Grund arbeite ich gern im Netzwerk mit \u00c4rzten, Sozialarbeitern und Familienangeh\u00f6rigen, um ein umfassendes Gesamtbild der Problematik zu schaffen und anschlie\u00dfend die notwendigen Schritte im Therapieprozess zu einzuleiten.<\/p>\n\n\n\n<p class=\"has-medium-font-size\">Wenn Sie sich nachhaltig eine positive Ver\u00e4nderung in Ihrem Leben w\u00fcnschen und sich bewusst daf\u00fcr entschlossen haben, k\u00f6nnte ich Sie gern auf dem Weg dorthin begleiten.<\/p>\n\n\n\n<div style=\"height:50px\" aria-hidden=\"true\" class=\"wp-block-spacer\"><\/div>\n\n\n\n\n\n<p><\/p>\n","protected":false},"excerpt":{"rendered":"<p>&#8222;Das Leben besteht aus vielen kleinen M\u00fcnzen. Und wer sie aufzuheben wei\u00df, hat ein Verm\u00f6gen.&#8222; Jean Anouilh Lieber Leser, Liebe Leserin, herzlich Willkommen auf der Internetseite der Praxis f\u00fcr Psychotherapie von Kremena Hofherr-Racheva in Friedrichshafen! Warum Psychotherapie? Oft liegen die Wurzeln einer Lebenskrise in einem inneren Konflikt, wodurch der \u201eK\u00f6rper zu sprechen\u201c beginnen kann. Depression, [&hellip;]<\/p>\n","protected":false},"author":1,"featured_media":0,"parent":0,"menu_order":0,"comment_status":"closed","ping_status":"closed","template":"","meta":{"footnotes":""},"class_list":["post-5","page","type-page","status-publish","hentry"],"_links":{"self":[{"href":"https:\/\/bodensee-psychotherapie.de\/index.php?rest_route=\/wp\/v2\/pages\/5","targetHints":{"allow":["GET"]}}],"collection":[{"href":"https:\/\/bodensee-psychotherapie.de\/index.php?rest_route=\/wp\/v2\/pages"}],"about":[{"href":"https:\/\/bodensee-psychotherapie.de\/index.php?rest_route=\/wp\/v2\/types\/page"}],"author":[{"embeddable":true,"href":"https:\/\/bodensee-psychotherapie.de\/index.php?rest_route=\/wp\/v2\/users\/1"}],"replies":[{"embeddable":true,"href":"https:\/\/bodensee-psychotherapie.de\/index.php?rest_route=%2Fwp%2Fv2%2Fcomments&post=5"}],"version-history":[{"count":22,"href":"https:\/\/bodensee-psychotherapie.de\/index.php?rest_route=\/wp\/v2\/pages\/5\/revisions"}],"predecessor-version":[{"id":260,"href":"https:\/\/bodensee-psychotherapie.de\/index.php?rest_route=\/wp\/v2\/pages\/5\/revisions\/260"}],"wp:attachment":[{"href":"https:\/\/bodensee-psychotherapie.de\/index.php?rest_route=%2Fwp%2Fv2%2Fmedia&parent=5"}],"curies":[{"name":"wp","href":"https:\/\/api.w.org\/{rel}","templated":true}]}}