{"id":14,"date":"2021-04-24T16:14:28","date_gmt":"2021-04-24T16:14:28","guid":{"rendered":"https:\/\/psychotherapie-coach-bodensee.de\/?page_id=14"},"modified":"2021-05-24T13:01:57","modified_gmt":"2021-05-24T13:01:57","slug":"kostenuebername","status":"publish","type":"page","link":"https:\/\/bodensee-psychotherapie.de\/?page_id=14","title":{"rendered":"Kosten\u00fcbername"},"content":{"rendered":"\n<p class=\"has-medium-font-size\"><strong>Gesetzliche Krankenkassen<\/strong><\/p>\n\n\n\n<p class=\"has-medium-font-size\">Da ich von der Kassen\u00e4rztlichen Vereinigung als psychologische Psychotherapeutin zugelassen bin, werden die Kosten der ambulanten Psychotherapie von Versicherten bei einer gesetzlichen Krankenkasse komplett von der Krankenkasse \u00fcbernommen. Wie bereits erw\u00e4hnt, verf\u00fcge ich \u00fcber die Genehmigung zur Abrechnung von Einzel- und Gruppentherapien bei Erwachsenen und Einzeltherapien bei Kindern- und Jugendlichen. Kosten fallen nur an, wenn die vereinbarten Termine nicht fristgerecht abgesagt wurden (s. Ausfallhonorar).<\/p>\n\n\n\n<p class=\"has-medium-font-size\"><strong>Private Krankenversicherung\/ Beihilfe<\/strong><strong><\/strong><\/p>\n\n\n\n<p class=\"has-medium-font-size\">Sind Sie privat versichert, werde ich Ihnen das Honorar f\u00fcr die ambulante Psychotherapie gem\u00e4\u00df der Geb\u00fchrenordnung f\u00fcr Psychotherapeuten (GOP) privat in Rechnung stellen. Die Kosten werden von Ihrer privaten Krankenkasse und ggf. Beihilfe nach Eingabe der Rechnung entweder vollst\u00e4ndig oder teilweise erstattet. Es ist sinnvoll, bereits vor Therapiebeginn mit Ihrer Krankenversicherung und ggf. Beihilfe zu kl\u00e4ren, ob und in welchem Umfang die Kosten f\u00fcr eine Psychotherapie \u00fcbernommen werden. Nicht bei jeder Versicherung bzw. jedem Tarif werden die Kosten vollst\u00e4ndig \u00fcbernommen, so dass es sein kann, dass Zuzahlungen erforderlich sind. Die Kosten f\u00fcr mehrere Probesitzungen werden in der Regel auch ohne eine vorherige Genehmigung erstattet. Erfolgen Terminabsagen nicht fristgerecht, ist ein Ausfallhonorar privat zu entrichten, dass von der Krankenkasse nicht erstattet wird.<\/p>\n\n\n\n<p class=\"has-medium-font-size\"><strong>Ausfallhonorar<\/strong><strong><\/strong><\/p>\n\n\n\n<p class=\"has-medium-font-size\">Unsere Praxis ist eine Bestellpraxis, d.h. die Sitzungszeit ist f\u00fcr jeden Patienten pers\u00f6nlich reserviert. Kurzfristige Absagen f\u00fchren zu nicht kompensierbaren Einnahmeausf\u00e4llen, da die Krankenkassen nur tats\u00e4chlich erbrachte Leistungen verg\u00fcten. Erfolgt eine Terminabsage nicht fristgerecht, zwei Tage vor dem vereinbarten Termin, ist privat ein Ausfallhonorar in H\u00f6he des Kassensatzes zu entrichten.<\/p>\n\n\n\n<p class=\"has-medium-font-size\"><strong>Selbstzahler<\/strong><strong><\/strong><\/p>\n\n\n\n<p class=\"has-medium-font-size\">Auch wenn keine psychische Erkrankung oder Indikation f\u00fcr eine Richtlinien-Psychotherapie vorliegt, k\u00f6nnen psychotherapeutische Leistungen bei der Bew\u00e4ltigung von zahlreichen Schwierigkeiten und Problemen hilfreich sein. Die Kosten werden in diesem Fall aber in aller Regel nicht von der Krankenversicherung \u00fcbernommen. Psychotherapeutische Leistungen k\u00f6nnen in diesem Fall nur als Selbstzahler-Leistung und nicht zu Lasten der Krankenkasse erbracht werden. Selbstzahler-Leistungen werden nur auf ausdr\u00fccklichen Wunsch eines Klienten&nbsp;erbracht, die Initiative zur Privatbehandlung geht immer vom Klienten aus.<\/p>\n\n\n\n<p class=\"has-medium-font-size\">Ich empfehle Ihnen Ihr Anliegen pers\u00f6nlich mit mir zu besprechen. Im Folgenden eine kurze Liste <\/p>\n\n\n\n<p class=\"has-medium-font-size\"><strong>der privaten Selbstzahler-Leistungen:<\/strong><\/p>\n\n\n\n<ul class=\"has-medium-font-size wp-block-list\"><li>Beratung\/ Coaching bei famili\u00e4ren\/ sozialen Problemen und Konflikten<\/li><li>Selbstbehauptungs- und soziales Kompetenztraining<\/li><li>Kommunikationstraining<\/li><li>Selbsterfahrung (ohne medizinische Indikation)<\/li><li>Paar- und Sexualtherapie und <\/li><\/ul>\n\n\n\n<p class=\"has-medium-font-size\"><strong>der Firmen \/ Organisations- Selbstzahler-Leistungen:<\/strong><\/p>\n\n\n\n<ul class=\"has-medium-font-size wp-block-list\"><li>Einzelcoaching der F\u00fchrungskompetenzen<\/li><li>Durch Einzelcoaching die individuelle Karriere aus dem Selbstkonzept entwickeln<\/li><li>Teamcoaching und -entwicklung<\/li><li>Selbstmanagement<\/li><li>Work-Life-Balance<\/li><li>Konfliktbew\u00e4ltigung<\/li><li>Kommunikationskompetenz<\/li><\/ul>\n\n\n\n<p><\/p>\n\n\n\n<ul class=\"has-medium-font-size wp-block-list\"><li>Betriebliche Sprechstunde<\/li><li>Betriebliche Pr\u00e4vention<\/li><\/ul>\n\n\n\n<p><\/p>\n","protected":false},"excerpt":{"rendered":"<p>Gesetzliche Krankenkassen Da ich von der Kassen\u00e4rztlichen Vereinigung als psychologische Psychotherapeutin zugelassen bin, werden die Kosten der ambulanten Psychotherapie von Versicherten bei einer gesetzlichen Krankenkasse komplett von der Krankenkasse \u00fcbernommen. Wie bereits erw\u00e4hnt, verf\u00fcge ich \u00fcber die Genehmigung zur Abrechnung von Einzel- und Gruppentherapien bei Erwachsenen und Einzeltherapien bei Kindern- und Jugendlichen. Kosten fallen nur [&hellip;]<\/p>\n","protected":false},"author":1,"featured_media":0,"parent":0,"menu_order":0,"comment_status":"closed","ping_status":"closed","template":"","meta":{"footnotes":""},"class_list":["post-14","page","type-page","status-publish","hentry"],"_links":{"self":[{"href":"https:\/\/bodensee-psychotherapie.de\/index.php?rest_route=\/wp\/v2\/pages\/14","targetHints":{"allow":["GET"]}}],"collection":[{"href":"https:\/\/bodensee-psychotherapie.de\/index.php?rest_route=\/wp\/v2\/pages"}],"about":[{"href":"https:\/\/bodensee-psychotherapie.de\/index.php?rest_route=\/wp\/v2\/types\/page"}],"author":[{"embeddable":true,"href":"https:\/\/bodensee-psychotherapie.de\/index.php?rest_route=\/wp\/v2\/users\/1"}],"replies":[{"embeddable":true,"href":"https:\/\/bodensee-psychotherapie.de\/index.php?rest_route=%2Fwp%2Fv2%2Fcomments&post=14"}],"version-history":[{"count":4,"href":"https:\/\/bodensee-psychotherapie.de\/index.php?rest_route=\/wp\/v2\/pages\/14\/revisions"}],"predecessor-version":[{"id":145,"href":"https:\/\/bodensee-psychotherapie.de\/index.php?rest_route=\/wp\/v2\/pages\/14\/revisions\/145"}],"wp:attachment":[{"href":"https:\/\/bodensee-psychotherapie.de\/index.php?rest_route=%2Fwp%2Fv2%2Fmedia&parent=14"}],"curies":[{"name":"wp","href":"https:\/\/api.w.org\/{rel}","templated":true}]}}