{"id":12,"date":"2021-04-24T16:13:57","date_gmt":"2021-04-24T16:13:57","guid":{"rendered":"https:\/\/psychotherapie-coach-bodensee.de\/?page_id=12"},"modified":"2021-04-27T08:13:57","modified_gmt":"2021-04-27T08:13:57","slug":"behandlungsschwerpunkte","status":"publish","type":"page","link":"https:\/\/bodensee-psychotherapie.de\/?page_id=12","title":{"rendered":"Behandlungsschwerpunkte"},"content":{"rendered":"\n<p><\/p>\n\n\n\n<p class=\"has-medium-font-size\"><strong>Depressionen<\/strong>: u.a. Freudlosigkeit, Antriebslosigkeit, M\u00fcdigkeit, Passivit\u00e4t, Lust- und Interesselosigkeit<\/p>\n\n\n\n<p class=\"has-medium-font-size\"><strong>Angstst\u00f6rungen<\/strong>: u.a. Panikst\u00f6rungen, Phobien, soziale \u00c4ngste, Versagens\u00e4ngste, Verlust\u00e4ngste<\/p>\n\n\n\n<p class=\"has-medium-font-size\"><strong>Somatoforme St\u00f6rungen:<\/strong> K\u00f6rperliche Symptome, die durch eine k\u00f6rperliche Erkrankung nicht ausreichend erkl\u00e4rt werden k\u00f6nnen, durch psychische Faktoren verst\u00e4rkt werden oder zu psychischen Belastungen f\u00fchren (Kopf- und R\u00fcckenschmerzen, Tinnitus, Essentielle Hypertonie, Fibromyalgie, Migr\u00e4ne, Spannungskopfschmerz, Neurodermitis, Asthma, Herzrasen, Unruhe u.a.)<\/p>\n\n\n\n<p class=\"has-medium-font-size\"><strong>Schlafst\u00f6rungen<\/strong>: Ein- und Durchschlafst\u00f6rungen, Alptr\u00e4ume<\/p>\n\n\n\n<p class=\"has-medium-font-size\"><strong>Reaktionen auf schwere Belastungen, Anpassungen und Post Traumatische Belastungsst\u00f6rung<\/strong>: z. B. vor kurzer oder vor l\u00e4ngerer Zeit erlebter Verlust, Unfall, Kriegserfahrung, Zeuge von Gewalt, Vergewaltigung u.a. Damit kann das Bew\u00e4ltigungssystem \u00fcberfordert sein. Vermehrte \u00c4ngste, Alptr\u00e4ume, Hilfslosigkeit bis zur emotionalen Abstumpfung sowie durch sich aufdr\u00e4ngende Erinnerungen an das traumatische Erlebnis (&#8222;Flashbacks&#8220;), k\u00f6nnen nur einige der Symptome seien.<\/p>\n\n\n\n<p class=\"has-medium-font-size\"><strong>Zwangsst\u00f6rungen<\/strong>: wie Kontrollzw\u00e4nge, Waschzw\u00e4nge, Z\u00e4hl- oder Ordnungszw\u00e4nge, magische Denkinhalte, sich aufdr\u00e4ngende Zwangsgedanken, bspw. aggressive Gedanken, die man selbst be\u00e4ngstigend oder absto\u00dfend findet<\/p>\n\n\n\n<p class=\"has-medium-font-size\"><strong>Impulskontrollst\u00f6rungen<\/strong> mit Zwangscharakter: Schwierigkeiten, eigenes Verhalten zu kontrollieren, z.B. zwanghaftes Horten, \u00fcbertriebene Eifersucht, Trichotillomanie, Kaufsucht, Spielsucht, Internetsucht.<\/p>\n\n\n\n<p class=\"has-medium-font-size\"><strong>Essst\u00f6rungen<\/strong>: Magersucht, Bulimie, Binge Eating, Orthorexie, Hei\u00dfhungeranf\u00e4lle.<\/p>\n\n\n\n<p class=\"has-medium-font-size\"><strong>Mobbing:<\/strong> wiederholtes und regelm\u00e4\u00dfiges schikaniert werden; z.B. in der Schule, am Arbeitsplatz oder im Internet (Cyber-Mobbing), das zu Qualen und seelische Verletzungen f\u00fchren kann. <strong><\/strong><\/p>\n\n\n\n<p class=\"has-medium-font-size\"><strong>Sexuelle Probleme:<\/strong><strong> <\/strong>z.B. Mangel, Verlust oder vermehrtes sexuellen Verlangen, Erektionsschwierigkeiten, fr\u00fchzeitige Ejaculatio, Vaginismus u.a.<\/p>\n\n\n\n<p><\/p>\n\n\n\n<p class=\"has-medium-font-size\"><strong>In den folgenden F\u00e4llen profitieren Sie mehr von einer station\u00e4ren Behandlung. Deswegen \u00fcbernehmen wir hier keine Behandlung im ambulanten Kontext. Dies ist bei<\/strong><\/p>\n\n\n\n<ul class=\"has-medium-font-size wp-block-list\"><li>akuter Selbstgef\u00e4hrdung<\/li><li>Substanzabh\u00e4ngigkeit oder schweren Substanzmissbrauchs und<\/li><li>akuten Psychosen<\/li><\/ul>\n\n\n\n<p class=\"has-medium-font-size\"><strong>der Fall.<\/strong><\/p>\n","protected":false},"excerpt":{"rendered":"<p>Depressionen: u.a. Freudlosigkeit, Antriebslosigkeit, M\u00fcdigkeit, Passivit\u00e4t, Lust- und Interesselosigkeit Angstst\u00f6rungen: u.a. Panikst\u00f6rungen, Phobien, soziale \u00c4ngste, Versagens\u00e4ngste, Verlust\u00e4ngste Somatoforme St\u00f6rungen: K\u00f6rperliche Symptome, die durch eine k\u00f6rperliche Erkrankung nicht ausreichend erkl\u00e4rt werden k\u00f6nnen, durch psychische Faktoren verst\u00e4rkt werden oder zu psychischen Belastungen f\u00fchren (Kopf- und R\u00fcckenschmerzen, Tinnitus, Essentielle Hypertonie, Fibromyalgie, Migr\u00e4ne, Spannungskopfschmerz, Neurodermitis, Asthma, Herzrasen, Unruhe u.a.) [&hellip;]<\/p>\n","protected":false},"author":1,"featured_media":0,"parent":0,"menu_order":0,"comment_status":"closed","ping_status":"closed","template":"","meta":{"footnotes":""},"class_list":["post-12","page","type-page","status-publish","hentry"],"_links":{"self":[{"href":"https:\/\/bodensee-psychotherapie.de\/index.php?rest_route=\/wp\/v2\/pages\/12","targetHints":{"allow":["GET"]}}],"collection":[{"href":"https:\/\/bodensee-psychotherapie.de\/index.php?rest_route=\/wp\/v2\/pages"}],"about":[{"href":"https:\/\/bodensee-psychotherapie.de\/index.php?rest_route=\/wp\/v2\/types\/page"}],"author":[{"embeddable":true,"href":"https:\/\/bodensee-psychotherapie.de\/index.php?rest_route=\/wp\/v2\/users\/1"}],"replies":[{"embeddable":true,"href":"https:\/\/bodensee-psychotherapie.de\/index.php?rest_route=%2Fwp%2Fv2%2Fcomments&post=12"}],"version-history":[{"count":4,"href":"https:\/\/bodensee-psychotherapie.de\/index.php?rest_route=\/wp\/v2\/pages\/12\/revisions"}],"predecessor-version":[{"id":89,"href":"https:\/\/bodensee-psychotherapie.de\/index.php?rest_route=\/wp\/v2\/pages\/12\/revisions\/89"}],"wp:attachment":[{"href":"https:\/\/bodensee-psychotherapie.de\/index.php?rest_route=%2Fwp%2Fv2%2Fmedia&parent=12"}],"curies":[{"name":"wp","href":"https:\/\/api.w.org\/{rel}","templated":true}]}}