{"id":10,"date":"2021-04-24T16:14:46","date_gmt":"2021-04-24T16:14:46","guid":{"rendered":"https:\/\/psychotherapie-coach-bodensee.de\/?page_id=10"},"modified":"2025-02-11T19:59:35","modified_gmt":"2025-02-11T19:59:35","slug":"ueber-mich","status":"publish","type":"page","link":"https:\/\/bodensee-psychotherapie.de\/?page_id=10","title":{"rendered":"\u00dcber mich"},"content":{"rendered":"\n<div class=\"wp-block-group\"><div class=\"wp-block-group__inner-container is-layout-flow wp-block-group-is-layout-flow\">\n<div class=\"wp-block-columns is-layout-flex wp-container-core-columns-is-layout-9d6595d7 wp-block-columns-is-layout-flex\">\n<div class=\"wp-block-column is-layout-flow wp-block-column-is-layout-flow\" style=\"flex-basis:66.66%\">\n<p class=\"has-medium-font-size\"><strong>Kremena Hofherr-Racheva<\/strong><\/p>\n\n\n\n<p class=\"has-medium-font-size\">M. Sc. Psychologin<br>Psychologische Psychotherapeutin<\/p>\n\n\n\n<p class=\"has-text-align-left has-medium-font-size\">Fachkunde Verhaltenstherapie f\u00fcr Erwachsene, Kinder und Jugendliche<br>Fachkunde f\u00fcr Psychotherapie im Einzel- oder Gruppenformat <\/p>\n\n\n\n<p class=\"has-medium-font-size\"><br> <\/p>\n<\/div>\n\n\n\n<div class=\"wp-block-column is-layout-flow wp-block-column-is-layout-flow\" style=\"flex-basis:33.33%\">\n<figure class=\"wp-block-image size-large\"><img decoding=\"async\" src=\"https:\/\/bodensee-psychotherapie.de\/wp-content\/uploads\/2021\/04\/LR-FQ-1020262.jpg\" alt=\"\"\/><\/figure>\n<\/div>\n<\/div>\n<\/div><\/div>\n\n\n\n<p class=\"has-medium-font-size\">Freie Mitarbeiterin im Rahmen des Projekts &#8222;Furchtlos&#8220; an der <br>Universit\u00e4t Konstanz<\/p>\n\n\n\n<p class=\"has-medium-font-size\">Dozentin<\/p>\n\n\n\n<p> <\/p>\n\n\n\n<p><\/p>\n\n\n\n<p class=\"has-medium-font-size\"><br><br>Lieber Leser, Liebe Leserin,<\/p>\n\n\n\n<p class=\"has-medium-font-size\">mein Lebensweg begann 1974 in Bulgarien und verlief \u00fcber ein Erststudium der Betriebswirtschaftslehre in Berlin mit Studienaufenthalte in Spanien als Stipendiatin, gefolgt von einigen Jahren Berufserfahrung in der Wirtschaft. Schlussendlich bewegte mich mein gro\u00dfer Wunsch Psychologie zu studieren und den langen Werdegang einer Psychotherapeutin zu beschreiten. Nachfolgend erfahren Sie mehr \u00fcber einige meiner Qualifikationen, Arbeits- und  Ausbildungsstationen.<\/p>\n\n\n\n<h2 class=\"wp-block-heading has-text-align-left\">Weitere Qualifikationen<\/h2>\n\n\n\n<ul class=\"wp-block-list has-medium-font-size\">\n<li>Autogenes Training (bei Erwachsenen, Kindern und Jugendlichen)<\/li>\n\n\n\n<li>Progressive Muskelrelaxation nach Jacobsen (bei Erwachsenen, Kindern und Jugendlichen)<\/li>\n\n\n\n<li>Hypnose (bei Erwachsenen, Kindern und Jugendlichen)<\/li>\n<\/ul>\n\n\n\n<h2 class=\"wp-block-heading has-text-align-left\">Arbeitsstationen<\/h2>\n\n\n\n<ul class=\"wp-block-list has-medium-font-size\">\n<li>Medizinisches Zentrum Geisberg am Standort Winterthur; ambulante Psychotherapie mit Erwachsenen, Kindern und Jugendlichen. Schwerpunkt: breite Band an allen bekannten St\u00f6rungsbilder<\/li>\n\n\n\n<li>Sinova Tagesklinik f\u00fcr Psychosomatik, Aulendorf; Schwerpunkt: Somatoformest\u00f6rungen, Depression und Pers\u00f6nlichkeitsst\u00f6rungen<\/li>\n\n\n\n<li>ZfP Weissenau, Station f\u00fcr Akut- und Allgemeinpsychiatrie<\/li>\n\n\n\n<li>ZfP Weissenau, Station f\u00fcr Krisenintervention und Trauma bei jungen Erwachsenen<\/li>\n\n\n\n<li>Universit\u00e4tsklinikum f\u00fcr Psychosomatische Medizin und Psychotherapie Ulm; Setting Pers\u00f6nlichkeitsst\u00f6rungen<\/li>\n\n\n\n<li>ZfP Weissenau, Station f\u00fcr Altenpsychiatrie; Alterspsychiatrische Ambulanz<\/li>\n<\/ul>\n\n\n\n<h2 class=\"wp-block-heading has-text-align-left\">Ausbildungsweg<\/h2>\n\n\n\n<ul class=\"wp-block-list has-medium-font-size\">\n<li>Fachausbildung f\u00fcr Psychologische Psychotherapeutin am Ausbildungsinstitut f\u00fcr Psychotherapie Bodensee, Konstanz<\/li>\n\n\n\n<li>Psychologiestudium an der Universit\u00e4t Ulm<\/li>\n\n\n\n<li>Weiterbildung f\u00fcr Neurofeedback am BEE Medic, Schweiz<\/li>\n\n\n\n<li>Weiterbildung zur Schematherapie f\u00fcr Kinder und Jugendliche am IST-K Schematherapie K\u00f6ln, Christoph Lose<\/li>\n\n\n\n<li>Weiterbildung f\u00fcr Narrative Expositionstherapie (NET) als Traumatherapie an der Uni Konstanz<\/li>\n<\/ul>\n\n\n\n<p><\/p>\n","protected":false},"excerpt":{"rendered":"<p>Kremena Hofherr-Racheva M. Sc. PsychologinPsychologische Psychotherapeutin Fachkunde Verhaltenstherapie f\u00fcr Erwachsene, Kinder und JugendlicheFachkunde f\u00fcr Psychotherapie im Einzel- oder Gruppenformat Freie Mitarbeiterin im Rahmen des Projekts &#8222;Furchtlos&#8220; an der Universit\u00e4t Konstanz Dozentin Lieber Leser, Liebe Leserin, mein Lebensweg begann 1974 in Bulgarien und verlief \u00fcber ein Erststudium der Betriebswirtschaftslehre in Berlin mit Studienaufenthalte in Spanien als [&hellip;]<\/p>\n","protected":false},"author":1,"featured_media":0,"parent":0,"menu_order":0,"comment_status":"closed","ping_status":"closed","template":"","meta":{"footnotes":""},"class_list":["post-10","page","type-page","status-publish","hentry"],"_links":{"self":[{"href":"https:\/\/bodensee-psychotherapie.de\/index.php?rest_route=\/wp\/v2\/pages\/10","targetHints":{"allow":["GET"]}}],"collection":[{"href":"https:\/\/bodensee-psychotherapie.de\/index.php?rest_route=\/wp\/v2\/pages"}],"about":[{"href":"https:\/\/bodensee-psychotherapie.de\/index.php?rest_route=\/wp\/v2\/types\/page"}],"author":[{"embeddable":true,"href":"https:\/\/bodensee-psychotherapie.de\/index.php?rest_route=\/wp\/v2\/users\/1"}],"replies":[{"embeddable":true,"href":"https:\/\/bodensee-psychotherapie.de\/index.php?rest_route=%2Fwp%2Fv2%2Fcomments&post=10"}],"version-history":[{"count":49,"href":"https:\/\/bodensee-psychotherapie.de\/index.php?rest_route=\/wp\/v2\/pages\/10\/revisions"}],"predecessor-version":[{"id":259,"href":"https:\/\/bodensee-psychotherapie.de\/index.php?rest_route=\/wp\/v2\/pages\/10\/revisions\/259"}],"wp:attachment":[{"href":"https:\/\/bodensee-psychotherapie.de\/index.php?rest_route=%2Fwp%2Fv2%2Fmedia&parent=10"}],"curies":[{"name":"wp","href":"https:\/\/api.w.org\/{rel}","templated":true}]}}